{"id":12613,"date":"2023-11-10T12:37:36","date_gmt":"2023-11-10T11:37:36","guid":{"rendered":"https:\/\/www.ingo-gallmeister.de\/es\/\/?page_id=12613"},"modified":"2025-09-01T15:08:37","modified_gmt":"2025-09-01T13:08:37","slug":"impressum","status":"publish","type":"page","link":"https:\/\/www.ingo-gallmeister.de\/es\/impressum\/","title":{"rendered":"Pie de imprenta"},"content":{"rendered":"\n<p><strong>Pie de imprenta<\/strong><\/p>\n\n\n\n<p>Ingo E. Gallmeister GmbH<br>Expedici\u00f3n internacional<br>Representado por Directors General Bernd Soltau\u00a0y Patrick Soltau<br>Billbrookdeich 36 &#8211; 22113 Hamburgo, Alemania<br>Apartado de correos 740308 &#8211; 22093 Hamburgo, Alemania<\/p>\n\n\n\n<p>Tel\u00e9fono: +49 40 73 61 52 &#8211; 0\u00a0<br>Fax: +49 40 73 61 52 52\u00a0<br>E-Mail:\u00a0<a href=\"mailto:Patrick.Soltau@Ingo-Gallmeister.de\">Patrick.Soltau@Ingo-Gallmeister.de<\/a><\/p>\n\n\n\n<p>N\u00famero de registro mercantil: HRB 19895<br>Tribunal de registro: Hamburg<br>N\u00famero de identificaci\u00f3n del impuesto sobre el valor a\u00f1adido de conformidad con el art\u00edculo 27a de la Ley del Impuesto sobre el Valor A\u00f1adido: DE118665919<\/p>\n\n\n\n<p><strong>Descargo de responsabilidad<\/strong><\/p>\n\n\n\n<p><strong>Responsabilidad por los contenidos<\/strong><\/p>\n\n\n\n<p>Como proveedor de servicios, somos responsables de los contenidos propios de estas p\u00e1ginas de acuerdo con el art\u00edculo 7 (1) de la TMG (Ley alemana de medios de telecomunicaci\u00f3n) y la legislaci\u00f3n general. Sin embargo, seg\u00fan los art\u00edculos 8 a 10 de la TMG, como proveedores de servicios no estamos obligados a supervisar la informaci\u00f3n de terceros transmitida o almacenada ni a investigar circunstancias que indiquen una actividad ilegal. Esto no afecta a las obligaciones de eliminar o bloquear el uso de informaci\u00f3n de conformidad con la legislaci\u00f3n general. Sin embargo, la responsabilidad a este respecto s\u00f3lo es posible a partir del momento en que se tiene conocimiento de una infracci\u00f3n concreta. En cuanto tengamos conocimiento de tales infracciones, eliminaremos inmediatamente estos contenidos.<\/p>\n\n\n\n<p><strong>Responsabilidad de los enlaces<\/strong><\/p>\n\n\n\n<p>Nuestro sitio web contiene enlaces a sitios web externos de terceros sobre cuyo contenido no tenemos ninguna influencia. Por lo tanto, no podemos aceptar ninguna responsabilidad por este contenido de terceros. El respectivo proveedor u operador de las p\u00e1ginas es siempre responsable del contenido de las p\u00e1ginas enlazadas. Las p\u00e1ginas enlazadas fueron revisadas en el momento de su vinculaci\u00f3n para detectar posibles infracciones legales. En el momento de establecer el enlace no se detectaron contenidos ilegales. Sin embargo, no es razonable un control permanente de los contenidos de las p\u00e1ginas enlazadas sin pruebas concretas de una infracci\u00f3n. Si tenemos conocimiento de alguna infracci\u00f3n legal, eliminaremos dichos enlaces inmediatamente.<\/p>\n\n\n\n<p><strong>Derechos de autor<\/strong><\/p>\n\n\n\n<p>Los contenidos y obras creados por los operadores del sitio en estas p\u00e1ginas est\u00e1n sujetos a la legislaci\u00f3n alemana sobre derechos de autor. La reproducci\u00f3n, edici\u00f3n, distribuci\u00f3n y cualquier tipo de utilizaci\u00f3n fuera de los l\u00edmites de la ley de propiedad intelectual requieren el consentimiento por escrito del respectivo autor o creador. Las descargas y copias de este sitio s\u00f3lo est\u00e1n permitidas para uso privado y no comercial. En la medida en que el contenido de este sitio no haya sido creado por el operador, se respetan los derechos de autor de terceros. En particular, los contenidos de terceros est\u00e1n etiquetados como tales. No obstante, si tiene conocimiento de una infracci\u00f3n de los derechos de autor, le rogamos que nos lo comunique. Si tenemos conocimiento de alguna infracci\u00f3n, eliminaremos inmediatamente dicho contenido.<\/p>\n\n\n\n<p>Trabajamos exclusivamente sobre la base de las Condiciones Generales de Contrataci\u00f3n de Transitarios Alemanes 2017 (ADSp 2017). Nota: El art\u00edculo 23 de las ADSp 2017 se aparta de la ley en lo que respecta al importe m\u00e1ximo de responsabilidad por da\u00f1os a la mercanc\u00eda (art\u00edculo 431 HGB) limitando la responsabilidad en el transporte multimodal, incluido el transporte mar\u00edtimo, y en caso de localizaci\u00f3n desconocida de los da\u00f1os a 2 DEG\/kg y, por lo dem\u00e1s, limitando la responsabilidad est\u00e1ndar de 8,33 DEG\/kg adicionalmente a 1,25 millones de euros por siniestro y a 2,5 millones de euros por evento de da\u00f1os, pero como m\u00ednimo a 2 DEG\/kg.<\/p>\n\n\n\n<p><strong>Fuentes de las im\u00e1genes y gr\u00e1ficos utilizados:<\/strong><\/p>\n\n\n\n<p><a href=\"http:\/\/www.freepik.com\">www.freepik.com<\/a> &#8211; Premium Licence without attribution<\/p>\n","protected":false},"excerpt":{"rendered":"<p>Pie de imprenta Ingo E. Gallmeister GmbHExpedici\u00f3n internacionalRepresentado por Directors General Bernd Soltau\u00a0y Patrick SoltauBillbrookdeich 36 &#8211; 22113 Hamburgo, AlemaniaApartado de correos 740308 &#8211; 22093 Hamburgo, Alemania Tel\u00e9fono: +49 40 73 61 52 &#8211; 0\u00a0Fax: +49 40 73 61 52 52\u00a0E-Mail:\u00a0Patrick.Soltau@Ingo-Gallmeister.de N\u00famero de registro mercantil: HRB 19895Tribunal de registro: HamburgN\u00famero de identificaci\u00f3n del impuesto sobre el valor a\u00f1adido de conformidad con el art\u00edculo 27a de&#8230; <\/p>\n<p class=\"more\"><a class=\"more-link\" href=\"https:\/\/www.ingo-gallmeister.de\/es\/impressum\/\">Read More<\/a><\/p>\n","protected":false},"author":1,"featured_media":0,"parent":0,"menu_order":0,"comment_status":"closed","ping_status":"closed","template":"","meta":{"inline_featured_image":false,"footnotes":""},"class_list":["post-12613","page","type-page","status-publish","hentry","is-cat-link-borders-light is-cat-link-rounded"],"_links":{"self":[{"href":"https:\/\/www.ingo-gallmeister.de\/es\/wp-json\/wp\/v2\/pages\/12613","targetHints":{"allow":["GET"]}}],"collection":[{"href":"https:\/\/www.ingo-gallmeister.de\/es\/wp-json\/wp\/v2\/pages"}],"about":[{"href":"https:\/\/www.ingo-gallmeister.de\/es\/wp-json\/wp\/v2\/types\/page"}],"author":[{"embeddable":true,"href":"https:\/\/www.ingo-gallmeister.de\/es\/wp-json\/wp\/v2\/users\/1"}],"replies":[{"embeddable":true,"href":"https:\/\/www.ingo-gallmeister.de\/es\/wp-json\/wp\/v2\/comments?post=12613"}],"version-history":[{"count":4,"href":"https:\/\/www.ingo-gallmeister.de\/es\/wp-json\/wp\/v2\/pages\/12613\/revisions"}],"predecessor-version":[{"id":12910,"href":"https:\/\/www.ingo-gallmeister.de\/es\/wp-json\/wp\/v2\/pages\/12613\/revisions\/12910"}],"wp:attachment":[{"href":"https:\/\/www.ingo-gallmeister.de\/es\/wp-json\/wp\/v2\/media?parent=12613"}],"curies":[{"name":"wp","href":"https:\/\/api.w.org\/{rel}","templated":true}]}}