{"id":12613,"date":"2023-11-10T12:37:36","date_gmt":"2023-11-10T11:37:36","guid":{"rendered":"https:\/\/www.ingo-gallmeister.de\/pt\/\/?page_id=12613"},"modified":"2025-09-01T15:10:01","modified_gmt":"2025-09-01T13:10:01","slug":"impressum","status":"publish","type":"page","link":"https:\/\/www.ingo-gallmeister.de\/pt\/impressum\/","title":{"rendered":"Impress\u00e3o"},"content":{"rendered":"\n<p><strong>Impress\u00e3o<\/strong><\/p>\n\n\n\n<p>Ingo E. Gallmeister GmbH<br>Encaminhamento internacional<br>Representado por Diretor Geral Bernd Soltau e Patrick Soltau<br>Billbrookdeich 36 &#8211; 22113 Hamburg, Germany<br>Postfach 740308 &#8211; 22093 Hamburg, Germany<\/p>\n\n\n\n<p>Telefone: +49 40 73 61 52 &#8211; 0\u00a0<br>Fax: +49 40 73 61 52 52\u00a0<br>E-Mail:\u00a0<a href=\"mailto:Patrick.Soltau@Ingo-Gallmeister.de\">Patrick.Soltau@Ingo-Gallmeister.de<\/a><\/p>\n\n\n\n<p>N\u00famero de registro comercial: HRB 19895<br><\/p>\n\n\n\n<p>Tribunal de registro: Hamburgo<br>N\u00famero de identifica\u00e7\u00e3o do imposto sobre vendas de acordo com o \u00a7 27a da lei do imposto sobre vendas: DE118665919<\/p>\n\n\n\n<p><strong>Isen\u00e7\u00e3o de responsabilidade<\/strong><\/p>\n\n\n\n<p><strong>Responsabilidade pelo conte\u00fado<\/strong><\/p>\n\n\n\n<p>Como provedor de servi\u00e7os, somos respons\u00e1veis por nosso pr\u00f3prio conte\u00fado nessas p\u00e1ginas, de acordo com a Se\u00e7\u00e3o 7 (1) da TMG (Lei Alem\u00e3 de Telem\u00eddia) e a legisla\u00e7\u00e3o geral. De acordo com os \u00a7\u00a7 8 a 10 da TMG, entretanto, n\u00f3s, como provedores de servi\u00e7os, n\u00e3o somos obrigados a monitorar informa\u00e7\u00f5es transmitidas ou armazenadas de terceiros ou a investigar circunst\u00e2ncias que indiquem atividade ilegal. As obriga\u00e7\u00f5es de remover ou bloquear o uso de informa\u00e7\u00f5es de acordo com a legisla\u00e7\u00e3o geral n\u00e3o s\u00e3o afetadas por esse fato. Entretanto, a responsabilidade a esse respeito s\u00f3 \u00e9 poss\u00edvel a partir do momento em que se tem conhecimento de uma infra\u00e7\u00e3o espec\u00edfica. Assim que tomarmos conhecimento de tais infra\u00e7\u00f5es, removeremos esse conte\u00fado imediatamente.<\/p>\n\n\n\n<p><strong>Responsabilidade por links<\/strong><\/p>\n\n\n\n<p>Nosso site cont\u00e9m links para sites externos de terceiros sobre cujo conte\u00fado n\u00e3o temos influ\u00eancia. Portanto, n\u00e3o podemos aceitar qualquer responsabilidade por esse conte\u00fado de terceiros. O respectivo provedor ou operador das p\u00e1ginas \u00e9 sempre respons\u00e1vel pelo conte\u00fado das p\u00e1ginas vinculadas. As p\u00e1ginas vinculadas foram verificadas quanto a poss\u00edveis viola\u00e7\u00f5es legais no momento da vincula\u00e7\u00e3o. N\u00e3o foi poss\u00edvel reconhecer conte\u00fados ilegais no momento da vincula\u00e7\u00e3o. Entretanto, o monitoramento permanente do conte\u00fado das p\u00e1ginas vinculadas n\u00e3o \u00e9 razo\u00e1vel sem evid\u00eancias concretas de uma infra\u00e7\u00e3o. Se tomarmos conhecimento de qualquer infra\u00e7\u00e3o legal, removeremos esses links imediatamente.<\/p>\n\n\n\n<p><strong>Direitos autorais<\/strong><\/p>\n\n\n\n<p>O conte\u00fado e os trabalhos criados pelos operadores do site nestas p\u00e1ginas est\u00e3o sujeitos \u00e0 lei alem\u00e3 de direitos autorais. A duplica\u00e7\u00e3o, o processamento, a distribui\u00e7\u00e3o e qualquer tipo de utiliza\u00e7\u00e3o fora dos limites da lei de direitos autorais requerem o consentimento por escrito do respectivo autor ou criador. Downloads e c\u00f3pias deste site s\u00e3o permitidos somente para uso privado e n\u00e3o comercial. Na medida em que o conte\u00fado deste site n\u00e3o foi criado pela operadora, os direitos autorais de terceiros s\u00e3o respeitados. Em particular, o conte\u00fado de terceiros \u00e9 rotulado como tal. Se, mesmo assim, voc\u00ea tomar conhecimento de uma viola\u00e7\u00e3o de direitos autorais, informe-nos adequadamente. Se tomarmos conhecimento de qualquer infra\u00e7\u00e3o, removeremos esse conte\u00fado imediatamente.<\/p>\n\n\n\n<p>Trabalhamos exclusivamente com base nos Termos e Condi\u00e7\u00f5es Padr\u00e3o dos Agentes de Carga Alem\u00e3es de 2017 (ADSp 2017). Observa\u00e7\u00e3o: A Se\u00e7\u00e3o 23 do ADSp 2017 diverge da lei com rela\u00e7\u00e3o ao valor m\u00e1ximo de responsabilidade por danos \u00e0s mercadorias (Se\u00e7\u00e3o 431 HGB), limitando a responsabilidade por transporte multimodal, incluindo transporte mar\u00edtimo e, no caso de um local de dano desconhecido, a 2 SDR\/kg e, de outra forma, limitando a responsabilidade padr\u00e3o de 8,33 SDR\/kg adicionalmente a 1,25 milh\u00e3o de euros por evento de dano e 2,5 milh\u00f5es de euros por evento de dano, mas pelo menos 2 SDR\/kg.<\/p>\n\n\n\n<p><strong>Fontes das imagens e gr\u00e1ficos usados:<\/strong><\/p>\n\n\n\n<p><a href=\"http:\/\/www.freepik.com\">www.freepik.com<\/a> &#8211; Licen\u00e7a Premium sem atribui\u00e7\u00e3o<\/p>\n","protected":false},"excerpt":{"rendered":"<p>Impress\u00e3o Ingo E. Gallmeister GmbHEncaminhamento internacionalRepresentado por Diretor Geral Bernd Soltau e Patrick SoltauBillbrookdeich 36 &#8211; 22113 Hamburg, GermanyPostfach 740308 &#8211; 22093 Hamburg, Germany Telefone: +49 40 73 61 52 &#8211; 0\u00a0Fax: +49 40 73 61 52 52\u00a0E-Mail:\u00a0Patrick.Soltau@Ingo-Gallmeister.de N\u00famero de registro comercial: HRB 19895 Tribunal de registro: HamburgoN\u00famero de identifica\u00e7\u00e3o do imposto sobre vendas de acordo com o \u00a7 27a da lei do imposto sobre&#8230; <\/p>\n<p class=\"more\"><a class=\"more-link\" href=\"https:\/\/www.ingo-gallmeister.de\/pt\/impressum\/\">Read More<\/a><\/p>\n","protected":false},"author":1,"featured_media":0,"parent":0,"menu_order":0,"comment_status":"closed","ping_status":"closed","template":"","meta":{"inline_featured_image":false,"footnotes":""},"class_list":["post-12613","page","type-page","status-publish","hentry","is-cat-link-borders-light is-cat-link-rounded"],"_links":{"self":[{"href":"https:\/\/www.ingo-gallmeister.de\/pt\/wp-json\/wp\/v2\/pages\/12613","targetHints":{"allow":["GET"]}}],"collection":[{"href":"https:\/\/www.ingo-gallmeister.de\/pt\/wp-json\/wp\/v2\/pages"}],"about":[{"href":"https:\/\/www.ingo-gallmeister.de\/pt\/wp-json\/wp\/v2\/types\/page"}],"author":[{"embeddable":true,"href":"https:\/\/www.ingo-gallmeister.de\/pt\/wp-json\/wp\/v2\/users\/1"}],"replies":[{"embeddable":true,"href":"https:\/\/www.ingo-gallmeister.de\/pt\/wp-json\/wp\/v2\/comments?post=12613"}],"version-history":[{"count":4,"href":"https:\/\/www.ingo-gallmeister.de\/pt\/wp-json\/wp\/v2\/pages\/12613\/revisions"}],"predecessor-version":[{"id":12910,"href":"https:\/\/www.ingo-gallmeister.de\/pt\/wp-json\/wp\/v2\/pages\/12613\/revisions\/12910"}],"wp:attachment":[{"href":"https:\/\/www.ingo-gallmeister.de\/pt\/wp-json\/wp\/v2\/media?parent=12613"}],"curies":[{"name":"wp","href":"https:\/\/api.w.org\/{rel}","templated":true}]}}